

{"id":184,"date":"2019-10-28T11:45:44","date_gmt":"2019-10-28T10:45:44","guid":{"rendered":"http:\/\/kmg-motorsport.com\/impressum\/"},"modified":"2024-09-22T20:15:23","modified_gmt":"2024-09-22T18:15:23","slug":"impressum","status":"publish","type":"page","link":"https:\/\/kmg-motorsport.com\/en\/impressum\/","title":{"rendered":"Impressum"},"content":{"rendered":"\n<div class=\"wp-block-cover\"><span aria-hidden=\"true\" class=\"wp-block-cover__background has-background-dim\"><\/span><img decoding=\"async\" loading=\"lazy\" width=\"2407\" height=\"1600\" class=\"wp-block-cover__image-background wp-image-179\" src=\"https:\/\/kmg-motorsport.com\/wp-content\/uploads\/2019\/10\/impressum.jpg\" data-object-fit=\"cover\" srcset=\"https:\/\/kmg-motorsport.com\/wp-content\/uploads\/2019\/10\/impressum.jpg 2407w, https:\/\/kmg-motorsport.com\/wp-content\/uploads\/2019\/10\/impressum-250x166.jpg 250w, https:\/\/kmg-motorsport.com\/wp-content\/uploads\/2019\/10\/impressum-768x511.jpg 768w, https:\/\/kmg-motorsport.com\/wp-content\/uploads\/2019\/10\/impressum-700x465.jpg 700w, https:\/\/kmg-motorsport.com\/wp-content\/uploads\/2019\/10\/impressum-120x80.jpg 120w\" sizes=\"(max-width: 2407px) 100vw, 2407px\" \/><div class=\"wp-block-cover__inner-container\">\n<h1>#Impressum<\/h1>\n<\/div><\/div>\n\n\n\n<p><\/p>\n\n\n\n<p>Informationspflicht laut \u00a7 5 TMG.<\/p>\n\n\n\n<p>KMG Motorsport<br>Von-Trips-Str. 27 , <br>52249 Eschweiler , <br>Deutschland<\/p>\n\n\n\n<p> <strong>UID-Nummer:<\/strong> DE317697157<br> <strong>SteuerNr:<\/strong> 202\/5128\/2982<br> <\/p>\n\n\n\n<p> <strong>Tel.:<\/strong> +49 2403 5529960<br> <strong>E-Mail:<\/strong> info@kmg-motorsport.de<\/p>\n\n\n\n<p><br> <strong>Webseite der Aufsichtsbeh\u00f6rde<\/strong> <br> https:\/\/www.aachen.ihk.de\/<br> <strong>Anschrift der Aufsichtsbeh\u00f6rde<\/strong> <br> IHK Aachen , Theaterstrasse 6-10, 52062 Aachen<\/p>\n\n\n\n<p><\/p>\n\n\n\n<h2>EU-Streitschlichtung<\/h2>\n\n\n\n<p>Gem\u00e4\u00df Verordnung \u00fcber Online-Streitbeilegung in Verbraucherangelegenheiten (ODR-Verordnung) m\u00f6chten wir Sie \u00fcber die Online-Streitbeilegungsplattform (OS-Plattform) informieren.<br>\nVerbraucher haben die M\u00f6glichkeit, Beschwerden an die Online Streitbeilegungsplattform der Europ\u00e4ischen Kommission unter <a href=\"https:\/\/ec.europa.eu\/consumers\/odr\/main\/index.cfm?event=main.home2.show&amp;lng=DE\" target=\"_blank\" rel=\"noreferrer noopener\">http:\/\/ec.europa.eu\/odr?tid=321124221<\/a> zu richten. Die daf\u00fcr notwendigen Kontaktdaten finden Sie oberhalb in unserem Impressum.<\/p>\n\n\n\n<p>Wir m\u00f6chten Sie jedoch darauf hinweisen, dass wir nicht bereit oder verpflichtet sind, an Streitbeilegungsverfahren vor einer Verbraucherschlichtungsstelle teilzunehmen.<\/p>\n\n\n\n<h2>Haftung f\u00fcr Inhalte dieser Website<\/h2>\n\n\n\n<p>Wir entwickeln die Inhalte dieser Webseite st\u00e4ndig weiter und bem\u00fchen uns korrekte und aktuelle Informationen bereitzustellen. Laut Telemediengesetz <a href=\"https:\/\/www.gesetze-im-internet.de\/tmg\/__7.html?tid=321124221\" rel=\"noreferrer noopener\" target=\"_blank\">(TMG) \u00a77 (1)<\/a> sind wir als Diensteanbieter f\u00fcr eigene Informationen, die wir zur Nutzung bereitstellen, nach den allgemeinen Gesetzen verantwortlich. Leider k\u00f6nnen wir keine Haftung f\u00fcr die Korrektheit aller Inhalte auf dieser Webseite \u00fcbernehmen, speziell f\u00fcr jene die seitens Dritter bereitgestellt wurden. Als Diensteanbieter im Sinne der \u00a7\u00a7 8 bis 10 sind wir nicht verpflichtet, die von ihnen \u00fcbermittelten oder gespeicherten Informationen zu \u00fcberwachen oder nach Umst\u00e4nden zu forschen, die auf eine rechtswidrige T\u00e4tigkeit hinweisen.<\/p>\n\n\n\n<p>Unsere Verpflichtungen zur Entfernung von Informationen oder zur Sperrung der Nutzung von Informationen nach den allgemeinen Gesetzen aufgrund von gerichtlichen oder beh\u00f6rdlichen Anordnungen bleiben auch im Falle unserer Nichtverantwortlichkeit nach den \u00a7\u00a7 8 bis 10 unber\u00fchrt. <\/p>\n\n\n\n<p>Sollten Ihnen problematische oder rechtswidrige Inhalte auffallen, bitte wir Sie uns umgehend zu kontaktieren, damit wir die rechtswidrigen Inhalte entfernen k\u00f6nnen. Sie finden die Kontaktdaten im Impressum.<\/p>\n\n\n\n<h2>Haftung f\u00fcr Links auf dieser Website<\/h2>\n\n\n\n<p>Unsere Webseite enth\u00e4lt Links zu anderen Webseiten f\u00fcr deren Inhalt wir nicht verantwortlich sind. Haftung f\u00fcr verlinkte Websites besteht f\u00fcr uns nicht, da wir keine Kenntnis rechtswidriger T\u00e4tigkeiten hatten und haben, uns solche Rechtswidrigkeiten auch bisher nicht aufgefallen sind und wir Links sofort entfernen w\u00fcrden, wenn uns Rechtswidrigkeiten bekannt werden.<\/p>\n\n\n\n<p>Wenn Ihnen rechtswidrige Links auf unserer Website auffallen, bitte wir Sie uns zu kontaktieren. Sie finden die Kontaktdaten im Impressum.<\/p>\n\n\n\n<h2>Urheberrechtshinweis<\/h2>\n\n\n\n<p>Alle Inhalte dieser Webseite (Bilder, Fotos, Texte, Videos) unterliegen dem Urheberrecht der Bundesrepublik Deutschland. Bitte fragen Sie uns bevor Sie die Inhalte dieser Website verbreiten, vervielf\u00e4ltigen oder verwerten wie zum Beispiel auf anderen Websites erneut ver\u00f6ffentlichen. Falls notwendig, werden wir die unerlaubte Nutzung von Teilen der Inhalte unserer Seite rechtlich verfolgen.<\/p>\n\n\n\n<p>Sollten Sie auf dieser Webseite Inhalte finden, die das Urheberrecht verletzen, bitten wir Sie uns zu kontaktieren.<\/p>\n\n\n\n<h2>Bildernachweis<\/h2>\n\n\n\n<p>Die Bilder, Fotos und Grafiken auf dieser Webseite sind urheberrechtlich gesch\u00fctzt.<\/p>\n\n\n\n<p>Die Bilderrechte liegen bei den folgenden Fotografen und Unternehmen:<\/p>\n\n\n\n<ul>\n<li>Fotos: Gabriele Graf<\/li>\n<\/ul>\n\n\n\n<h2>Webdesign<\/h2>\n\n\n\n<p>Webdesign powered by&nbsp;<a rel=\"noreferrer noopener\" href=\"https:\/\/fd-websolutions.de\/\" target=\"_blank\">FD-Websolutions<\/a><\/p>\n","protected":false},"excerpt":{"rendered":"Informationspflicht laut \u00a7 5 TMG. KMG MotorsportVon-Trips-Str. 27 , 52249 Eschweiler , Deutschland UID-Nummer: DE317697157 SteuerNr: 202\/5128\/2982 Tel.: +49 2403 5529960 E-Mail: info@kmg-motorsport.de Webseite der Aufsichtsbeh\u00f6rde https:\/\/www.aachen.ihk.de\/ Anschrift der Aufsichtsbeh\u00f6rde IHK Aachen , Theaterstrasse 6-10, 52062 Aachen EU-Streitschlichtung Gem\u00e4\u00df Verordnung \u00fcber Online-Streitbeilegung in Verbraucherangelegenheiten (ODR-Verordnung) m\u00f6chten wir Sie \u00fcber die Online-Streitbeilegungsplattform (OS-Plattform) informieren. Verbraucher haben&#8230; <a class=\"view-article\" href=\"https:\/\/kmg-motorsport.com\/en\/impressum\/\">Mehr zum Thema<\/a>","protected":false},"author":2,"featured_media":0,"parent":0,"menu_order":0,"comment_status":"closed","ping_status":"closed","template":"","meta":[],"yoast_head":"<!-- This site is optimized with the Yoast SEO plugin v20.0 - https:\/\/yoast.com\/wordpress\/plugins\/seo\/ -->\n<title>Impressum - KMG Motorsport<\/title>\n<meta name=\"robots\" content=\"index, follow, max-snippet:-1, max-image-preview:large, max-video-preview:-1\" \/>\n<link rel=\"canonical\" href=\"https:\/\/kmg-motorsport.com\/en\/impressum\/\" \/>\n<meta property=\"og:locale\" content=\"en_US\" \/>\n<meta property=\"og:type\" content=\"article\" \/>\n<meta property=\"og:title\" content=\"Impressum - KMG Motorsport\" \/>\n<meta property=\"og:description\" content=\"Informationspflicht laut \u00a7 5 TMG. KMG MotorsportVon-Trips-Str. 27 , 52249 Eschweiler , Deutschland UID-Nummer: DE317697157 SteuerNr: 202\/5128\/2982 Tel.: +49 2403 5529960 E-Mail: info@kmg-motorsport.de Webseite der Aufsichtsbeh\u00f6rde https:\/\/www.aachen.ihk.de\/ Anschrift der Aufsichtsbeh\u00f6rde IHK Aachen , Theaterstrasse 6-10, 52062 Aachen EU-Streitschlichtung Gem\u00e4\u00df Verordnung \u00fcber Online-Streitbeilegung in Verbraucherangelegenheiten (ODR-Verordnung) m\u00f6chten wir Sie \u00fcber die Online-Streitbeilegungsplattform (OS-Plattform) informieren. Verbraucher haben... Mehr zum Thema\" \/>\n<meta property=\"og:url\" content=\"https:\/\/kmg-motorsport.com\/en\/impressum\/\" \/>\n<meta property=\"og:site_name\" content=\"KMG Motorsport\" \/>\n<meta property=\"article:modified_time\" content=\"2024-09-22T18:15:23+00:00\" \/>\n<meta property=\"og:image\" content=\"http:\/\/kmg-motorsport.com\/wp-content\/uploads\/2019\/10\/impressum.jpg\" \/>\n<meta name=\"twitter:card\" content=\"summary_large_image\" \/>\n<meta name=\"twitter:label1\" content=\"Est. reading time\" \/>\n\t<meta name=\"twitter:data1\" content=\"2 minutes\" \/>\n<script type=\"application\/ld+json\" class=\"yoast-schema-graph\">{\"@context\":\"https:\/\/schema.org\",\"@graph\":[{\"@type\":\"WebPage\",\"@id\":\"https:\/\/kmg-motorsport.com\/en\/impressum\/\",\"url\":\"https:\/\/kmg-motorsport.com\/en\/impressum\/\",\"name\":\"Impressum - KMG Motorsport\",\"isPartOf\":{\"@id\":\"https:\/\/kmg-motorsport.com\/#website\"},\"datePublished\":\"2019-10-28T10:45:44+00:00\",\"dateModified\":\"2024-09-22T18:15:23+00:00\",\"breadcrumb\":{\"@id\":\"https:\/\/kmg-motorsport.com\/en\/impressum\/#breadcrumb\"},\"inLanguage\":\"en-US\",\"potentialAction\":[{\"@type\":\"ReadAction\",\"target\":[\"https:\/\/kmg-motorsport.com\/en\/impressum\/\"]}]},{\"@type\":\"BreadcrumbList\",\"@id\":\"https:\/\/kmg-motorsport.com\/en\/impressum\/#breadcrumb\",\"itemListElement\":[{\"@type\":\"ListItem\",\"position\":1,\"name\":\"Startseite\",\"item\":\"https:\/\/kmg-motorsport.com\/en\/\"},{\"@type\":\"ListItem\",\"position\":2,\"name\":\"Impressum\"}]},{\"@type\":\"WebSite\",\"@id\":\"https:\/\/kmg-motorsport.com\/#website\",\"url\":\"https:\/\/kmg-motorsport.com\/\",\"name\":\"KMG Motorsport\",\"description\":\"Eine weitere WordPress-Website\",\"potentialAction\":[{\"@type\":\"SearchAction\",\"target\":{\"@type\":\"EntryPoint\",\"urlTemplate\":\"https:\/\/kmg-motorsport.com\/?s={search_term_string}\"},\"query-input\":\"required name=search_term_string\"}],\"inLanguage\":\"en-US\"}]}<\/script>\n<!-- \/ Yoast SEO plugin. -->","yoast_head_json":{"title":"Impressum - KMG Motorsport","robots":{"index":"index","follow":"follow","max-snippet":"max-snippet:-1","max-image-preview":"max-image-preview:large","max-video-preview":"max-video-preview:-1"},"canonical":"https:\/\/kmg-motorsport.com\/en\/impressum\/","og_locale":"en_US","og_type":"article","og_title":"Impressum - KMG Motorsport","og_description":"Informationspflicht laut \u00a7 5 TMG. KMG MotorsportVon-Trips-Str. 27 , 52249 Eschweiler , Deutschland UID-Nummer: DE317697157 SteuerNr: 202\/5128\/2982 Tel.: +49 2403 5529960 E-Mail: info@kmg-motorsport.de Webseite der Aufsichtsbeh\u00f6rde https:\/\/www.aachen.ihk.de\/ Anschrift der Aufsichtsbeh\u00f6rde IHK Aachen , Theaterstrasse 6-10, 52062 Aachen EU-Streitschlichtung Gem\u00e4\u00df Verordnung \u00fcber Online-Streitbeilegung in Verbraucherangelegenheiten (ODR-Verordnung) m\u00f6chten wir Sie \u00fcber die Online-Streitbeilegungsplattform (OS-Plattform) informieren. Verbraucher haben... Mehr zum Thema","og_url":"https:\/\/kmg-motorsport.com\/en\/impressum\/","og_site_name":"KMG Motorsport","article_modified_time":"2024-09-22T18:15:23+00:00","og_image":[{"url":"http:\/\/kmg-motorsport.com\/wp-content\/uploads\/2019\/10\/impressum.jpg"}],"twitter_card":"summary_large_image","twitter_misc":{"Est. reading time":"2 minutes"},"schema":{"@context":"https:\/\/schema.org","@graph":[{"@type":"WebPage","@id":"https:\/\/kmg-motorsport.com\/en\/impressum\/","url":"https:\/\/kmg-motorsport.com\/en\/impressum\/","name":"Impressum - KMG Motorsport","isPartOf":{"@id":"https:\/\/kmg-motorsport.com\/#website"},"datePublished":"2019-10-28T10:45:44+00:00","dateModified":"2024-09-22T18:15:23+00:00","breadcrumb":{"@id":"https:\/\/kmg-motorsport.com\/en\/impressum\/#breadcrumb"},"inLanguage":"en-US","potentialAction":[{"@type":"ReadAction","target":["https:\/\/kmg-motorsport.com\/en\/impressum\/"]}]},{"@type":"BreadcrumbList","@id":"https:\/\/kmg-motorsport.com\/en\/impressum\/#breadcrumb","itemListElement":[{"@type":"ListItem","position":1,"name":"Startseite","item":"https:\/\/kmg-motorsport.com\/en\/"},{"@type":"ListItem","position":2,"name":"Impressum"}]},{"@type":"WebSite","@id":"https:\/\/kmg-motorsport.com\/#website","url":"https:\/\/kmg-motorsport.com\/","name":"KMG Motorsport","description":"Eine weitere WordPress-Website","potentialAction":[{"@type":"SearchAction","target":{"@type":"EntryPoint","urlTemplate":"https:\/\/kmg-motorsport.com\/?s={search_term_string}"},"query-input":"required name=search_term_string"}],"inLanguage":"en-US"}]}},"_links":{"self":[{"href":"https:\/\/kmg-motorsport.com\/en\/wp-json\/wp\/v2\/pages\/184"}],"collection":[{"href":"https:\/\/kmg-motorsport.com\/en\/wp-json\/wp\/v2\/pages"}],"about":[{"href":"https:\/\/kmg-motorsport.com\/en\/wp-json\/wp\/v2\/types\/page"}],"author":[{"embeddable":true,"href":"https:\/\/kmg-motorsport.com\/en\/wp-json\/wp\/v2\/users\/2"}],"replies":[{"embeddable":true,"href":"https:\/\/kmg-motorsport.com\/en\/wp-json\/wp\/v2\/comments?post=184"}],"version-history":[{"count":7,"href":"https:\/\/kmg-motorsport.com\/en\/wp-json\/wp\/v2\/pages\/184\/revisions"}],"predecessor-version":[{"id":792,"href":"https:\/\/kmg-motorsport.com\/en\/wp-json\/wp\/v2\/pages\/184\/revisions\/792"}],"wp:attachment":[{"href":"https:\/\/kmg-motorsport.com\/en\/wp-json\/wp\/v2\/media?parent=184"}],"curies":[{"name":"wp","href":"https:\/\/api.w.org\/{rel}","templated":true}]}}