

{"id":437,"date":"2019-11-18T20:19:19","date_gmt":"2019-11-18T19:19:19","guid":{"rendered":"http:\/\/kmg-motorsport.com\/konfigurator\/tuev\/"},"modified":"2020-03-11T19:35:32","modified_gmt":"2020-03-11T18:35:32","slug":"tuev","status":"publish","type":"page","link":"https:\/\/kmg-motorsport.com\/en\/konfigurator\/tuev\/","title":{"rendered":"T\u00dcV"},"content":{"rendered":"\n<h2>Unser Chiptuning ist T\u00dcV-Gepr\u00fcft<\/h2>\n\n\n\n<p>Chiptuning? nat\u00fcrlich mit T\u00dcV-Gutachten<\/p>\n\n\n\n<p>Fragen Sie uns!<\/p>\n\n\n\n<div class=\"wpcf7 no-js\" id=\"wpcf7-f9-o1\" lang=\"de-DE\" dir=\"ltr\">\n<div class=\"screen-reader-response\"><p role=\"status\" aria-live=\"polite\" aria-atomic=\"true\"><\/p> <ul><\/ul><\/div>\n<form action=\"\/en\/wp-json\/wp\/v2\/pages\/437#wpcf7-f9-o1\" method=\"post\" class=\"wpcf7-form init\" aria-label=\"Kontaktformular\" novalidate=\"novalidate\" data-status=\"init\">\n<div style=\"display: none;\">\n<input type=\"hidden\" name=\"_wpcf7\" value=\"9\" \/>\n<input type=\"hidden\" name=\"_wpcf7_version\" value=\"5.7.3\" \/>\n<input type=\"hidden\" name=\"_wpcf7_locale\" value=\"de_DE\" \/>\n<input type=\"hidden\" name=\"_wpcf7_unit_tag\" value=\"wpcf7-f9-o1\" \/>\n<input type=\"hidden\" name=\"_wpcf7_container_post\" value=\"0\" \/>\n<input type=\"hidden\" name=\"_wpcf7_posted_data_hash\" value=\"\" \/>\n<\/div>\n<div class=\"formfield\">\n\t<p><label>Vorname*<\/label><br \/>\n<span class=\"wpcf7-form-control-wrap\" data-name=\"your-prename\"><input size=\"40\" class=\"wpcf7-form-control wpcf7-text wpcf7-validates-as-required\" aria-required=\"true\" aria-invalid=\"false\" value=\"\" type=\"text\" name=\"your-prename\" \/><\/span>\n\t<\/p>\n<\/div>\n<div class=\"formfield\">\n\t<p><label>Name*<\/label><br \/>\n<span class=\"wpcf7-form-control-wrap\" data-name=\"your-name\"><input size=\"40\" class=\"wpcf7-form-control wpcf7-text wpcf7-validates-as-required\" aria-required=\"true\" aria-invalid=\"false\" value=\"\" type=\"text\" name=\"your-name\" \/><\/span>\n\t<\/p>\n<\/div>\n<div class=\"formfield\">\n\t<p><label>Telefon<\/label><br \/>\n<span class=\"wpcf7-form-control-wrap\" data-name=\"your-phone\"><input size=\"40\" class=\"wpcf7-form-control wpcf7-text\" aria-invalid=\"false\" value=\"\" type=\"text\" name=\"your-phone\" \/><\/span>\n\t<\/p>\n<\/div>\n<div class=\"formfield\">\n\t<p><label>E-Mail*<\/label><br \/>\n<span class=\"wpcf7-form-control-wrap\" data-name=\"your-mail\"><input size=\"40\" class=\"wpcf7-form-control wpcf7-text wpcf7-validates-as-required\" aria-required=\"true\" aria-invalid=\"false\" value=\"\" type=\"text\" name=\"your-mail\" \/><\/span>\n\t<\/p>\n<\/div>\n<div class=\"formfield fullfield\">\n\t<p><label>Nachricht<\/label><br \/>\n<span class=\"wpcf7-form-control-wrap\" data-name=\"your-message\"><textarea cols=\"40\" rows=\"10\" class=\"wpcf7-form-control wpcf7-textarea\" aria-invalid=\"false\" name=\"your-message\"><\/textarea><\/span>\n\t<\/p>\n<\/div>\n<p><span id=\"wpcf7-69d298a8962f3-wrapper\" class=\"wpcf7-form-control-wrap honeypot-900-wrap\" style=\"display:none !important; visibility:hidden !important;\"><label for=\"wpcf7-69d298a8962f3-field\" class=\"hp-message\">Please leave this field empty.<\/label><input id=\"wpcf7-69d298a8962f3-field\"  class=\"wpcf7-form-control wpcf7-text\" type=\"text\" name=\"honeypot-900\" value=\"\" size=\"40\" tabindex=\"-1\" autocomplete=\"new-password\" \/><\/span>\n<\/p>\n<div class=\"formfield fullfield\">\n\t<p><span class=\"wpcf7-form-control-wrap\" data-name=\"checkbox-545\"><span class=\"wpcf7-form-control wpcf7-checkbox wpcf7-validates-as-required\"><span class=\"wpcf7-list-item first last\"><input type=\"checkbox\" name=\"checkbox-545[]\" value=\"Ich akzeptiere die Datenschutzerkl\u00e4rung.\" tabindex=\"\" \/><span class=\"wpcf7-list-item-label\">Ich akzeptiere die Datenschutzerkl\u00e4rung.<\/span><\/span><\/span><\/span>\n\t<\/p>\n<\/div>\n<div class=\"formfield fullfield\">\n\t<p><span class=\"wpcf7-form-control-wrap kc_captcha\" data-name=\"kc_captcha\"><span class=\"wpcf7-form-control wpcf7-radio\"><span class=\"captcha-image\" ><span class=\"cf7ic_instructions\">Please prove you are human by selecting the<span> plane<\/span>.<\/span><label><input type=\"radio\" name=\"kc_captcha\" value=\"bot\" \/><svg width=\"50\" height=\"50\" aria-hidden=\"true\" role=\"img\" xmlns=\"http:\/\/www.w3.org\/2000\/svg\" viewBox=\"0 0 576 512\"><path fill=\"currentColor\" d=\"M415 24c-53 0-103 42-127 65-24-23-74-65-127-65C70 24 16 77 16 166c0 72 67 133 69 135l187 181c9 8 23 8 32 0l187-180c2-3 69-64 69-136 0-89-54-142-145-142z\"\/><\/svg><\/label><label><input type=\"radio\" name=\"kc_captcha\" value=\"bot\" \/><svg width=\"50\" height=\"50\" aria-hidden=\"true\" role=\"img\" xmlns=\"http:\/\/www.w3.org\/2000\/svg\" viewBox=\"0 0 640 512\"><path fill=\"currentColor\" d=\"M192 384h192c53 0 96-43 96-96h32a128 128 0 000-256H120c-13 0-24 11-24 24v232c0 53 43 96 96 96zM512 96a64 64 0 010 128h-32V96h32zm48 384H48c-47 0-61-64-36-64h584c25 0 11 64-36 64z\"\/><\/svg><\/label><label><input type=\"radio\" name=\"kc_captcha\" value=\"kc_human\" \/><svg width=\"50\" height=\"50\" aria-hidden=\"true\" role=\"img\" xmlns=\"http:\/\/www.w3.org\/2000\/svg\" viewBox=\"0 0 576 512\"><path fill=\"currentColor\" d=\"M472 200H360L256 6a12 12 0 00-10-6h-58c-8 0-14 7-12 15l34 185H100l-35-58a12 12 0 00-10-6H12c-8 0-13 7-12 14l21 106L0 362c-1 7 4 14 12 14h43c4 0 8-2 10-6l35-58h110l-34 185c-2 8 4 15 12 15h58a12 12 0 0010-6l104-194h112c57 0 104-25 104-56s-47-56-104-56z\"\/><\/svg><\/label>\r\n    <\/span>\r\n    <span style=\"display:none\">\r\n        <input type=\"text\" name=\"kc_honeypot\">\r\n    <\/span><\/span><\/span>\n\t<\/p>\n<\/div>\n<div class=\"formfield fullfield\">\n\t<p><input class=\"wpcf7-form-control has-spinner wpcf7-submit\" type=\"submit\" value=\"Senden\" \/>\n\t<\/p>\n<\/div>\n<div class=\"clear\">\n<\/div><div class=\"wpcf7-response-output\" aria-hidden=\"true\"><\/div>\n<\/form>\n<\/div>\n\n","protected":false},"excerpt":{"rendered":"Unser Chiptuning ist T\u00dcV-Gepr\u00fcft Chiptuning? nat\u00fcrlich mit T\u00dcV-Gutachten Fragen Sie uns!","protected":false},"author":2,"featured_media":0,"parent":188,"menu_order":0,"comment_status":"closed","ping_status":"closed","template":"","meta":[],"yoast_head":"<!-- This site is optimized with the Yoast SEO plugin v20.0 - https:\/\/yoast.com\/wordpress\/plugins\/seo\/ -->\n<title>T\u00dcV - KMG Motorsport<\/title>\n<meta name=\"robots\" content=\"index, follow, max-snippet:-1, max-image-preview:large, max-video-preview:-1\" \/>\n<link rel=\"canonical\" href=\"https:\/\/kmg-motorsport.com\/en\/konfigurator\/tuev\/\" \/>\n<meta property=\"og:locale\" content=\"en_US\" \/>\n<meta property=\"og:type\" content=\"article\" \/>\n<meta property=\"og:title\" content=\"T\u00dcV - KMG Motorsport\" \/>\n<meta property=\"og:description\" content=\"Unser Chiptuning ist T\u00dcV-Gepr\u00fcft Chiptuning? nat\u00fcrlich mit T\u00dcV-Gutachten Fragen Sie uns!\" \/>\n<meta property=\"og:url\" content=\"https:\/\/kmg-motorsport.com\/en\/konfigurator\/tuev\/\" \/>\n<meta property=\"og:site_name\" content=\"KMG Motorsport\" \/>\n<meta property=\"article:modified_time\" content=\"2020-03-11T18:35:32+00:00\" \/>\n<meta name=\"twitter:card\" content=\"summary_large_image\" \/>\n<script type=\"application\/ld+json\" class=\"yoast-schema-graph\">{\"@context\":\"https:\/\/schema.org\",\"@graph\":[{\"@type\":\"WebPage\",\"@id\":\"https:\/\/kmg-motorsport.com\/en\/konfigurator\/tuev\/\",\"url\":\"https:\/\/kmg-motorsport.com\/en\/konfigurator\/tuev\/\",\"name\":\"T\u00dcV - KMG Motorsport\",\"isPartOf\":{\"@id\":\"https:\/\/kmg-motorsport.com\/#website\"},\"datePublished\":\"2019-11-18T19:19:19+00:00\",\"dateModified\":\"2020-03-11T18:35:32+00:00\",\"breadcrumb\":{\"@id\":\"https:\/\/kmg-motorsport.com\/en\/konfigurator\/tuev\/#breadcrumb\"},\"inLanguage\":\"en-US\",\"potentialAction\":[{\"@type\":\"ReadAction\",\"target\":[\"https:\/\/kmg-motorsport.com\/en\/konfigurator\/tuev\/\"]}]},{\"@type\":\"BreadcrumbList\",\"@id\":\"https:\/\/kmg-motorsport.com\/en\/konfigurator\/tuev\/#breadcrumb\",\"itemListElement\":[{\"@type\":\"ListItem\",\"position\":1,\"name\":\"Startseite\",\"item\":\"https:\/\/kmg-motorsport.com\/en\/\"},{\"@type\":\"ListItem\",\"position\":2,\"name\":\"Chip Tuning\",\"item\":\"https:\/\/kmg-motorsport.com\/en\/konfigurator\/\"},{\"@type\":\"ListItem\",\"position\":3,\"name\":\"T\u00dcV\"}]},{\"@type\":\"WebSite\",\"@id\":\"https:\/\/kmg-motorsport.com\/#website\",\"url\":\"https:\/\/kmg-motorsport.com\/\",\"name\":\"KMG Motorsport\",\"description\":\"Eine weitere WordPress-Website\",\"potentialAction\":[{\"@type\":\"SearchAction\",\"target\":{\"@type\":\"EntryPoint\",\"urlTemplate\":\"https:\/\/kmg-motorsport.com\/?s={search_term_string}\"},\"query-input\":\"required name=search_term_string\"}],\"inLanguage\":\"en-US\"}]}<\/script>\n<!-- \/ Yoast SEO plugin. -->","yoast_head_json":{"title":"T\u00dcV - KMG Motorsport","robots":{"index":"index","follow":"follow","max-snippet":"max-snippet:-1","max-image-preview":"max-image-preview:large","max-video-preview":"max-video-preview:-1"},"canonical":"https:\/\/kmg-motorsport.com\/en\/konfigurator\/tuev\/","og_locale":"en_US","og_type":"article","og_title":"T\u00dcV - KMG Motorsport","og_description":"Unser Chiptuning ist T\u00dcV-Gepr\u00fcft Chiptuning? nat\u00fcrlich mit T\u00dcV-Gutachten Fragen Sie uns!","og_url":"https:\/\/kmg-motorsport.com\/en\/konfigurator\/tuev\/","og_site_name":"KMG Motorsport","article_modified_time":"2020-03-11T18:35:32+00:00","twitter_card":"summary_large_image","schema":{"@context":"https:\/\/schema.org","@graph":[{"@type":"WebPage","@id":"https:\/\/kmg-motorsport.com\/en\/konfigurator\/tuev\/","url":"https:\/\/kmg-motorsport.com\/en\/konfigurator\/tuev\/","name":"T\u00dcV - KMG Motorsport","isPartOf":{"@id":"https:\/\/kmg-motorsport.com\/#website"},"datePublished":"2019-11-18T19:19:19+00:00","dateModified":"2020-03-11T18:35:32+00:00","breadcrumb":{"@id":"https:\/\/kmg-motorsport.com\/en\/konfigurator\/tuev\/#breadcrumb"},"inLanguage":"en-US","potentialAction":[{"@type":"ReadAction","target":["https:\/\/kmg-motorsport.com\/en\/konfigurator\/tuev\/"]}]},{"@type":"BreadcrumbList","@id":"https:\/\/kmg-motorsport.com\/en\/konfigurator\/tuev\/#breadcrumb","itemListElement":[{"@type":"ListItem","position":1,"name":"Startseite","item":"https:\/\/kmg-motorsport.com\/en\/"},{"@type":"ListItem","position":2,"name":"Chip Tuning","item":"https:\/\/kmg-motorsport.com\/en\/konfigurator\/"},{"@type":"ListItem","position":3,"name":"T\u00dcV"}]},{"@type":"WebSite","@id":"https:\/\/kmg-motorsport.com\/#website","url":"https:\/\/kmg-motorsport.com\/","name":"KMG Motorsport","description":"Eine weitere WordPress-Website","potentialAction":[{"@type":"SearchAction","target":{"@type":"EntryPoint","urlTemplate":"https:\/\/kmg-motorsport.com\/?s={search_term_string}"},"query-input":"required name=search_term_string"}],"inLanguage":"en-US"}]}},"_links":{"self":[{"href":"https:\/\/kmg-motorsport.com\/en\/wp-json\/wp\/v2\/pages\/437"}],"collection":[{"href":"https:\/\/kmg-motorsport.com\/en\/wp-json\/wp\/v2\/pages"}],"about":[{"href":"https:\/\/kmg-motorsport.com\/en\/wp-json\/wp\/v2\/types\/page"}],"author":[{"embeddable":true,"href":"https:\/\/kmg-motorsport.com\/en\/wp-json\/wp\/v2\/users\/2"}],"replies":[{"embeddable":true,"href":"https:\/\/kmg-motorsport.com\/en\/wp-json\/wp\/v2\/comments?post=437"}],"version-history":[{"count":1,"href":"https:\/\/kmg-motorsport.com\/en\/wp-json\/wp\/v2\/pages\/437\/revisions"}],"predecessor-version":[{"id":655,"href":"https:\/\/kmg-motorsport.com\/en\/wp-json\/wp\/v2\/pages\/437\/revisions\/655"}],"up":[{"embeddable":true,"href":"https:\/\/kmg-motorsport.com\/en\/wp-json\/wp\/v2\/pages\/188"}],"wp:attachment":[{"href":"https:\/\/kmg-motorsport.com\/en\/wp-json\/wp\/v2\/media?parent=437"}],"curies":[{"name":"wp","href":"https:\/\/api.w.org\/{rel}","templated":true}]}}